



{"id":8371,"date":"2009-08-04T15:09:25","date_gmt":"2009-08-04T14:09:25","guid":{"rendered":"https:\/\/www.entreviejosolivos.es\/?page_id=8371"},"modified":"2025-03-04T22:23:52","modified_gmt":"2025-03-04T21:23:52","slug":"reviews","status":"publish","type":"page","link":"https:\/\/www.entreviejosolivos.es\/en\/reviews\/","title":{"rendered":"Reviews"},"content":{"rendered":"\t\t<div data-elementor-type=\"wp-page\" data-elementor-id=\"8371\" class=\"elementor elementor-8371 elementor-225\" data-elementor-post-type=\"page\">\n\t\t\t\t\t\t<section class=\"elementor-section elementor-top-section elementor-element elementor-element-491714a5 elementor-section-boxed elementor-section-height-default elementor-section-height-default\" data-id=\"491714a5\" data-element_type=\"section\" data-e-type=\"section\" data-settings=\"{&quot;hoteller_ext_is_background_parallax&quot;:&quot;false&quot;,&quot;hoteller_ext_is_background_backdrop&quot;:&quot;false&quot;,&quot;hoteller_ext_is_background_on_scroll&quot;:&quot;false&quot;}\">\n\t\t\t\t\t\t<div class=\"elementor-container elementor-column-gap-default\">\n\t\t\t\t\t<div class=\"elementor-column elementor-col-100 elementor-top-column elementor-element elementor-element-5f27d07d\" data-id=\"5f27d07d\" data-element_type=\"column\" data-e-type=\"column\" data-settings=\"{&quot;hoteller_ext_link_sidemenu&quot;:&quot;false&quot;,&quot;hoteller_ext_link_fullmenu&quot;:&quot;false&quot;,&quot;hoteller_ext_link_closed_fullmenu&quot;:&quot;false&quot;,&quot;hoteller_ext_is_scrollme&quot;:&quot;false&quot;,&quot;hoteller_ext_is_smoove&quot;:&quot;false&quot;,&quot;hoteller_ext_is_parallax_mouse&quot;:&quot;false&quot;,&quot;hoteller_ext_is_infinite&quot;:&quot;false&quot;,&quot;hoteller_ext_is_fadeout_animation&quot;:&quot;false&quot;,&quot;hoteller_ext_mobile_static&quot;:&quot;false&quot;}\">\n\t\t\t<div class=\"elementor-widget-wrap elementor-element-populated\">\n\t\t\t\t\t\t<div class=\"elementor-element elementor-element-1052c652 elementor-widget elementor-widget-text-editor\" data-id=\"1052c652\" data-element_type=\"widget\" data-e-type=\"widget\" data-settings=\"{&quot;hoteller_ext_link_sidemenu&quot;:&quot;false&quot;,&quot;hoteller_ext_link_fullmenu&quot;:&quot;false&quot;,&quot;hoteller_ext_link_closed_fullmenu&quot;:&quot;false&quot;,&quot;hoteller_ext_is_scrollme&quot;:&quot;false&quot;,&quot;hoteller_ext_is_smoove&quot;:&quot;false&quot;,&quot;hoteller_ext_is_parallax_mouse&quot;:&quot;false&quot;,&quot;hoteller_ext_is_infinite&quot;:&quot;false&quot;,&quot;hoteller_ext_is_fadeout_animation&quot;:&quot;false&quot;,&quot;hoteller_ext_mobile_static&quot;:&quot;false&quot;}\" data-widget_type=\"text-editor.default\">\n\t\t\t\t<div class=\"elementor-widget-container\">\n\t\t\t\t\t\t\t\t\tEsta es la secci\u00f3n donde vosotros pod\u00e9is dejar vuestra opini\u00f3n libremente. Vuestra opini\u00f3n es lo que mas valoramos, y siempre haremos lo posible por mejorar.\n\nPara poder opinar es necesario estar registrado en la web, es totalmente gratuito y adem\u00e1s recibir\u00e9is noticias y ofertas especiales en vuestro correo electr\u00f3nico.\n\nUn par de consejos que os recomendamos para comentar:\n<ul>\n \t<li>No escribas todo el texto en letras may\u00fasculas, ya que en Internet significan gritos. Adem\u00e1s son muy incomodas a la hora de leer mucho texto.<\/li>\n \t<li>Respeta la ortograf\u00eda y la puntuaci\u00f3n. Facilita la lectura y su comprensi\u00f3n.<\/li>\n<\/ul>\t\t\t\t\t\t\t\t<\/div>\n\t\t\t\t<\/div>\n\t\t\t\t\t<\/div>\n\t\t<\/div>\n\t\t\t\t\t<\/div>\n\t\t<\/section>\n\t\t\t\t<\/div>\n\t\t","protected":false},"excerpt":{"rendered":"<p>This is the section where you can freely share your opinion. Your feedback is what we value the most, and we always strive to improve. To leave a review, you must be registered on the website\u2014it&#8217;s completely free! Plus, you&#8217;ll [&hellip;]<\/p>\n","protected":false},"author":2,"featured_media":0,"parent":0,"menu_order":9,"comment_status":"open","ping_status":"closed","template":"","meta":{"footnotes":""},"class_list":["post-8371","page","type-page","status-publish","hentry"],"_links":{"self":[{"href":"https:\/\/www.entreviejosolivos.es\/en\/wp-json\/wp\/v2\/pages\/8371","targetHints":{"allow":["GET"]}}],"collection":[{"href":"https:\/\/www.entreviejosolivos.es\/en\/wp-json\/wp\/v2\/pages"}],"about":[{"href":"https:\/\/www.entreviejosolivos.es\/en\/wp-json\/wp\/v2\/types\/page"}],"author":[{"embeddable":true,"href":"https:\/\/www.entreviejosolivos.es\/en\/wp-json\/wp\/v2\/users\/2"}],"replies":[{"embeddable":true,"href":"https:\/\/www.entreviejosolivos.es\/en\/wp-json\/wp\/v2\/comments?post=8371"}],"version-history":[{"count":1,"href":"https:\/\/www.entreviejosolivos.es\/en\/wp-json\/wp\/v2\/pages\/8371\/revisions"}],"predecessor-version":[{"id":8372,"href":"https:\/\/www.entreviejosolivos.es\/en\/wp-json\/wp\/v2\/pages\/8371\/revisions\/8372"}],"wp:attachment":[{"href":"https:\/\/www.entreviejosolivos.es\/en\/wp-json\/wp\/v2\/media?parent=8371"}],"curies":[{"name":"wp","href":"https:\/\/api.w.org\/{rel}","templated":true}]}}